{"id":754,"date":"2025-07-16T11:28:32","date_gmt":"2025-07-16T14:28:32","guid":{"rendered":"https:\/\/lojaodocambioautomatico.com.br\/?post_type=product&#038;p=754"},"modified":"2025-07-21T12:27:38","modified_gmt":"2025-07-21T15:27:38","slug":"jogo-overhaul-tf72-c-anel-original","status":"publish","type":"product","link":"https:\/\/lojaodocambioautomatico.com.br\/?product=jogo-overhaul-tf72-c-anel-original","title":{"rendered":"KIT OVERHAUL TF72 C\/ANEL ORIGINAL"},"content":{"rendered":"<h2 class=\"ui-pdp-description__title\" data-testid=\"title\">Descri\u00e7\u00e3o<\/h2>\n<p class=\"ui-pdp-description__content\" data-testid=\"content\">Jogo de Juntas Overhaul para o cambio autom\u00e1tico TF72<br \/>\nAplica\u00e7\u00e3o:<br \/>\nAPLIC\u00c1VEL EM TODOS OS VE\u00cdCULOS COM A TRANSMISS\u00c3O TF72<\/p>\n<p>*FIAT<br \/>\nARGO 1.3 8V de 2018 \u00c1 2021<br \/>\nARGO 1.8 16V de 2017 \u00c1 2021<br \/>\nCRONOS 1.3 8V de 2018 \u00c1 2021<br \/>\nCRONOS 1.8 16V de 2018 \u00c1 2021<br \/>\nTORO 1.8 16V de 2016 \u00c1 2021<br \/>\nTORO 2.0 16V TURBO de 2016 \u00c1 2021<br \/>\nTORO 2.4 16V de 2017 \u00c1 2021<\/p>\n<p>*JEEP<br \/>\nRENEGADE 1.8 16V de 2016 \u00c1 2021<br \/>\nRENEGADE 2.0 16V TURBO de 2016 \u00c1 2021<br \/>\nCOMPASS<\/p>\n<p>*MINI<br \/>\nCLUBMAN 2.0 16V TURBO de 2014 \u00c1 2019<br \/>\nCOOPER 1.2 12V TURBO de 2013 \u00c1 2019<br \/>\nCOOPER 1.5 12V TURBO de 2013 \u00c1 2019<br \/>\nCOOPER 2.0 16V TURBO de 2013 \u00c1 2019<br \/>\nCOUNTRYMAN 1.5 12V TURBO de 2017 \u00c1 2021<br \/>\nCOUNTRYMAN 2.0 16V TURBO de 2017 \u00c1 2021<\/p>\n<p>*BMW<br \/>\nX1 2.0 16V TURBO de 2014 \u00c1 2017<br \/>\nX2 1.5 12V TURBO de 2017 \u00c1 2019<br \/>\nX2 2.0 16V TURBO de 2018 \u00c1 2019<br \/>\nC2 M 2.0 16V TURBO de 2017 \u00c1 2019<br \/>\n***Podem alterar as juntas do corpo de v\u00e1lvula, de acordo com modelo e montadora.<\/p>\n","protected":false},"excerpt":{"rendered":"<p>Descri\u00e7\u00e3o Jogo de Juntas Overhaul para o cambio autom\u00e1tico TF72 Aplica\u00e7\u00e3o: APLIC\u00c1VEL EM TODOS OS VE\u00cdCULOS COM A TRANSMISS\u00c3O TF72 *FIAT ARGO 1.3 8V de 2018<span class=\"excerpt-hellip\"> [\u2026]<\/span><\/p>\n","protected":false},"featured_media":966,"comment_status":"open","ping_status":"closed","template":"","meta":{"_joinchat":[]},"product_brand":[],"product_cat":[143],"product_tag":[],"class_list":{"0":"post-754","1":"product","2":"type-product","3":"status-publish","4":"has-post-thumbnail","6":"product_cat-kit-overhaul","8":"first","9":"instock","10":"taxable","11":"shipping-taxable","12":"purchasable","13":"product-type-simple"},"_links":{"self":[{"href":"https:\/\/lojaodocambioautomatico.com.br\/index.php?rest_route=\/wp\/v2\/product\/754","targetHints":{"allow":["GET"]}}],"collection":[{"href":"https:\/\/lojaodocambioautomatico.com.br\/index.php?rest_route=\/wp\/v2\/product"}],"about":[{"href":"https:\/\/lojaodocambioautomatico.com.br\/index.php?rest_route=\/wp\/v2\/types\/product"}],"replies":[{"embeddable":true,"href":"https:\/\/lojaodocambioautomatico.com.br\/index.php?rest_route=%2Fwp%2Fv2%2Fcomments&post=754"}],"version-history":[{"count":3,"href":"https:\/\/lojaodocambioautomatico.com.br\/index.php?rest_route=\/wp\/v2\/product\/754\/revisions"}],"predecessor-version":[{"id":1049,"href":"https:\/\/lojaodocambioautomatico.com.br\/index.php?rest_route=\/wp\/v2\/product\/754\/revisions\/1049"}],"wp:featuredmedia":[{"embeddable":true,"href":"https:\/\/lojaodocambioautomatico.com.br\/index.php?rest_route=\/wp\/v2\/media\/966"}],"wp:attachment":[{"href":"https:\/\/lojaodocambioautomatico.com.br\/index.php?rest_route=%2Fwp%2Fv2%2Fmedia&parent=754"}],"wp:term":[{"taxonomy":"product_brand","embeddable":true,"href":"https:\/\/lojaodocambioautomatico.com.br\/index.php?rest_route=%2Fwp%2Fv2%2Fproduct_brand&post=754"},{"taxonomy":"product_cat","embeddable":true,"href":"https:\/\/lojaodocambioautomatico.com.br\/index.php?rest_route=%2Fwp%2Fv2%2Fproduct_cat&post=754"},{"taxonomy":"product_tag","embeddable":true,"href":"https:\/\/lojaodocambioautomatico.com.br\/index.php?rest_route=%2Fwp%2Fv2%2Fproduct_tag&post=754"}],"curies":[{"name":"wp","href":"https:\/\/api.w.org\/{rel}","templated":true}]}}