{"id":770,"date":"2025-07-16T12:15:56","date_gmt":"2025-07-16T15:15:56","guid":{"rendered":"https:\/\/lojaodocambioautomatico.com.br\/?post_type=product&#038;p=770"},"modified":"2025-08-16T10:56:39","modified_gmt":"2025-08-16T13:56:39","slug":"filtro-6t30-gm-121710","status":"publish","type":"product","link":"https:\/\/lojaodocambioautomatico.com.br\/?product=filtro-6t30-gm-121710","title":{"rendered":"FILTRO 6T30 GM 121710"},"content":{"rendered":"<h2 class=\"ui-pdp-description__title\" data-testid=\"title\">Descri\u00e7\u00e3o<\/h2>\n<p class=\"ui-pdp-description__content\" data-testid=\"content\">Filtro de \u00d3leo para Cambio Autom\u00e1tico GM 6t30<\/p>\n<p>Aplica\u00e7\u00e3o:<br \/>\nCOBALT 2012\/2018 &#8211; 6 SP FWD L4 1.2L 1.4L<br \/>\nCRUZE 2009\/2018 &#8211; 6 SP FWD L4 1.5L 1.6L 1.8L<br \/>\nONIX 2013\/2018 &#8211; 6 SP FWD L4 1.4L<br \/>\nPRISMA 2013\/2018 &#8211; 6 SP FWD L4 1.4L<br \/>\nSPIN 2013\/2015 &#8211; 6 SP FWD L4 1.5L<br \/>\nCRUZE 2011 &#8211; 6 SP FWD L4 1.6L 1.8L<br \/>\nPE\u00c7A NOVA.<\/p>\n","protected":false},"excerpt":{"rendered":"<p>Descri\u00e7\u00e3o Filtro de \u00d3leo para Cambio Autom\u00e1tico GM 6t30 Aplica\u00e7\u00e3o: COBALT 2012\/2018 &#8211; 6 SP FWD L4 1.2L 1.4L CRUZE 2009\/2018 &#8211; 6 SP FWD L4<span class=\"excerpt-hellip\"> [\u2026]<\/span><\/p>\n","protected":false},"featured_media":925,"comment_status":"open","ping_status":"closed","template":"","meta":{"_joinchat":[]},"product_brand":[],"product_cat":[130],"product_tag":[],"class_list":{"0":"post-770","1":"product","2":"type-product","3":"status-publish","4":"has-post-thumbnail","6":"product_cat-filtros","8":"first","9":"outofstock","10":"taxable","11":"shipping-taxable","12":"purchasable","13":"product-type-simple"},"_links":{"self":[{"href":"https:\/\/lojaodocambioautomatico.com.br\/index.php?rest_route=\/wp\/v2\/product\/770","targetHints":{"allow":["GET"]}}],"collection":[{"href":"https:\/\/lojaodocambioautomatico.com.br\/index.php?rest_route=\/wp\/v2\/product"}],"about":[{"href":"https:\/\/lojaodocambioautomatico.com.br\/index.php?rest_route=\/wp\/v2\/types\/product"}],"replies":[{"embeddable":true,"href":"https:\/\/lojaodocambioautomatico.com.br\/index.php?rest_route=%2Fwp%2Fv2%2Fcomments&post=770"}],"version-history":[{"count":2,"href":"https:\/\/lojaodocambioautomatico.com.br\/index.php?rest_route=\/wp\/v2\/product\/770\/revisions"}],"predecessor-version":[{"id":926,"href":"https:\/\/lojaodocambioautomatico.com.br\/index.php?rest_route=\/wp\/v2\/product\/770\/revisions\/926"}],"wp:featuredmedia":[{"embeddable":true,"href":"https:\/\/lojaodocambioautomatico.com.br\/index.php?rest_route=\/wp\/v2\/media\/925"}],"wp:attachment":[{"href":"https:\/\/lojaodocambioautomatico.com.br\/index.php?rest_route=%2Fwp%2Fv2%2Fmedia&parent=770"}],"wp:term":[{"taxonomy":"product_brand","embeddable":true,"href":"https:\/\/lojaodocambioautomatico.com.br\/index.php?rest_route=%2Fwp%2Fv2%2Fproduct_brand&post=770"},{"taxonomy":"product_cat","embeddable":true,"href":"https:\/\/lojaodocambioautomatico.com.br\/index.php?rest_route=%2Fwp%2Fv2%2Fproduct_cat&post=770"},{"taxonomy":"product_tag","embeddable":true,"href":"https:\/\/lojaodocambioautomatico.com.br\/index.php?rest_route=%2Fwp%2Fv2%2Fproduct_tag&post=770"}],"curies":[{"name":"wp","href":"https:\/\/api.w.org\/{rel}","templated":true}]}}