{"id":793,"date":"2025-07-16T13:11:49","date_gmt":"2025-07-16T16:11:49","guid":{"rendered":"https:\/\/lojaodocambioautomatico.com.br\/?post_type=product&#038;p=793"},"modified":"2025-10-06T15:32:34","modified_gmt":"2025-10-06T18:32:34","slug":"filtro-6t31-6t35-gm-116713","status":"publish","type":"product","link":"https:\/\/lojaodocambioautomatico.com.br\/?product=filtro-6t31-6t35-gm-116713","title":{"rendered":"FILTRO 6T31 \/ 6T35 GM 116713"},"content":{"rendered":"<h2 class=\"ui-pdp-description__title\" data-testid=\"title\">Descri\u00e7\u00e3o<\/h2>\n<p class=\"ui-pdp-description__content\" data-testid=\"content\">Aplica\u00e7\u00e3o:<\/p>\n<p>CHEVROLET CRUZE 1.4 TURBO LT\/LTZ 16V FLEX &#8211; 2016 2017 2018 2019 2020 2021<br \/>\nCHEVROLET TRACKER 1.8 16V FLEX &#8211; 2013 2014 20152016<br \/>\nCHEVROLET COBALT 1.8 8V ECONOFLEX &#8211; 2017 2018 2019 2020 2021<br \/>\nCHEVROLET SPIN 1.8L 111 CV ECONO FLEX (LS\/LT\/LTZ\/ADVANTAGE\/ACTIV ) &#8211; 2017 2018 2019 2020 2021<br \/>\nCHEVROLET ONIX &#8211; 2016 2017 2018 2019 2020 2021<\/p>\n<p>ITENS INCLUSOS:<br \/>\n01 &#8211; Filtro de \u00f3leo<\/p>\n","protected":false},"excerpt":{"rendered":"<p>Descri\u00e7\u00e3o Aplica\u00e7\u00e3o: CHEVROLET CRUZE 1.4 TURBO LT\/LTZ 16V FLEX &#8211; 2016 2017 2018 2019 2020 2021 CHEVROLET TRACKER 1.8 16V FLEX &#8211; 2013 2014 20152016 CHEVROLET<span class=\"excerpt-hellip\"> [\u2026]<\/span><\/p>\n","protected":false},"featured_media":928,"comment_status":"open","ping_status":"closed","template":"","meta":{"_joinchat":[]},"product_brand":[],"product_cat":[130],"product_tag":[],"class_list":{"0":"post-793","1":"product","2":"type-product","3":"status-publish","4":"has-post-thumbnail","6":"product_cat-filtros","8":"first","9":"instock","10":"taxable","11":"shipping-taxable","12":"purchasable","13":"product-type-simple"},"_links":{"self":[{"href":"https:\/\/lojaodocambioautomatico.com.br\/index.php?rest_route=\/wp\/v2\/product\/793","targetHints":{"allow":["GET"]}}],"collection":[{"href":"https:\/\/lojaodocambioautomatico.com.br\/index.php?rest_route=\/wp\/v2\/product"}],"about":[{"href":"https:\/\/lojaodocambioautomatico.com.br\/index.php?rest_route=\/wp\/v2\/types\/product"}],"replies":[{"embeddable":true,"href":"https:\/\/lojaodocambioautomatico.com.br\/index.php?rest_route=%2Fwp%2Fv2%2Fcomments&post=793"}],"version-history":[{"count":2,"href":"https:\/\/lojaodocambioautomatico.com.br\/index.php?rest_route=\/wp\/v2\/product\/793\/revisions"}],"predecessor-version":[{"id":929,"href":"https:\/\/lojaodocambioautomatico.com.br\/index.php?rest_route=\/wp\/v2\/product\/793\/revisions\/929"}],"wp:featuredmedia":[{"embeddable":true,"href":"https:\/\/lojaodocambioautomatico.com.br\/index.php?rest_route=\/wp\/v2\/media\/928"}],"wp:attachment":[{"href":"https:\/\/lojaodocambioautomatico.com.br\/index.php?rest_route=%2Fwp%2Fv2%2Fmedia&parent=793"}],"wp:term":[{"taxonomy":"product_brand","embeddable":true,"href":"https:\/\/lojaodocambioautomatico.com.br\/index.php?rest_route=%2Fwp%2Fv2%2Fproduct_brand&post=793"},{"taxonomy":"product_cat","embeddable":true,"href":"https:\/\/lojaodocambioautomatico.com.br\/index.php?rest_route=%2Fwp%2Fv2%2Fproduct_cat&post=793"},{"taxonomy":"product_tag","embeddable":true,"href":"https:\/\/lojaodocambioautomatico.com.br\/index.php?rest_route=%2Fwp%2Fv2%2Fproduct_tag&post=793"}],"curies":[{"name":"wp","href":"https:\/\/api.w.org\/{rel}","templated":true}]}}