{"id":801,"date":"2025-07-16T13:25:18","date_gmt":"2025-07-16T16:25:18","guid":{"rendered":"https:\/\/lojaodocambioautomatico.com.br\/?post_type=product&#038;p=801"},"modified":"2025-07-18T12:51:24","modified_gmt":"2025-07-18T15:51:24","slug":"filtro-f4a42-f4a51-mitsubishi-hyundai-99-up-tucson-42710v","status":"publish","type":"product","link":"https:\/\/lojaodocambioautomatico.com.br\/?product=filtro-f4a42-f4a51-mitsubishi-hyundai-99-up-tucson-42710v","title":{"rendered":"FILTRO F4A42\/F4A51 MITSUBISHI HYUNDAI 99 UP TUCSON 42710V"},"content":{"rendered":"<h2 class=\"ui-pdp-description__title\" data-testid=\"title\">Descri\u00e7\u00e3o<\/h2>\n<p class=\"ui-pdp-description__content\" data-testid=\"content\">Filtro de \u00d3leo C\u00e2mbio Autom\u00e1tico F4a42 F5a51 A5hf1 A5gf1<\/p>\n<p>APLICA\u00c7\u00c3O:<br \/>\nHYUNDAI<br \/>\nHyundai Tucson 2.0 &#8211; 2.7 01\/14<br \/>\nHyundai Santa F\u00e9 V6 2.7 &#8211; 3.5<\/p>\n<p>KIA<br \/>\nKia Sportage 2.0 2.7 05\/07<br \/>\nKia Sorento 2.5<\/p>\n<p>MITSUBISHI<br \/>\nOutlander 2.4L 4 FWD \/ AWD 2006<br \/>\nOutlander 2.4L 4 FWD \/ AWD 2003<br \/>\nLancer 2.0L 4 FWD 2002-2003<br \/>\nGalant 2.4L 4 FWD 1999-2003<br \/>\nEclipse 2.4L 4 FWD 1999-2005<\/p>\n<p>PE\u00c7A NOVA!<\/p>\n","protected":false},"excerpt":{"rendered":"<p>Descri\u00e7\u00e3o Filtro de \u00d3leo C\u00e2mbio Autom\u00e1tico F4a42 F5a51 A5hf1 A5gf1 APLICA\u00c7\u00c3O: HYUNDAI Hyundai Tucson 2.0 &#8211; 2.7 01\/14 Hyundai Santa F\u00e9 V6 2.7 &#8211; 3.5 KIA<span class=\"excerpt-hellip\"> [\u2026]<\/span><\/p>\n","protected":false},"featured_media":936,"comment_status":"open","ping_status":"closed","template":"","meta":{"_joinchat":[]},"product_brand":[],"product_cat":[130],"product_tag":[],"class_list":{"0":"post-801","1":"product","2":"type-product","3":"status-publish","4":"has-post-thumbnail","6":"product_cat-filtros","8":"first","9":"instock","10":"taxable","11":"shipping-taxable","12":"purchasable","13":"product-type-simple"},"_links":{"self":[{"href":"https:\/\/lojaodocambioautomatico.com.br\/index.php?rest_route=\/wp\/v2\/product\/801","targetHints":{"allow":["GET"]}}],"collection":[{"href":"https:\/\/lojaodocambioautomatico.com.br\/index.php?rest_route=\/wp\/v2\/product"}],"about":[{"href":"https:\/\/lojaodocambioautomatico.com.br\/index.php?rest_route=\/wp\/v2\/types\/product"}],"replies":[{"embeddable":true,"href":"https:\/\/lojaodocambioautomatico.com.br\/index.php?rest_route=%2Fwp%2Fv2%2Fcomments&post=801"}],"version-history":[{"count":3,"href":"https:\/\/lojaodocambioautomatico.com.br\/index.php?rest_route=\/wp\/v2\/product\/801\/revisions"}],"predecessor-version":[{"id":937,"href":"https:\/\/lojaodocambioautomatico.com.br\/index.php?rest_route=\/wp\/v2\/product\/801\/revisions\/937"}],"wp:featuredmedia":[{"embeddable":true,"href":"https:\/\/lojaodocambioautomatico.com.br\/index.php?rest_route=\/wp\/v2\/media\/936"}],"wp:attachment":[{"href":"https:\/\/lojaodocambioautomatico.com.br\/index.php?rest_route=%2Fwp%2Fv2%2Fmedia&parent=801"}],"wp:term":[{"taxonomy":"product_brand","embeddable":true,"href":"https:\/\/lojaodocambioautomatico.com.br\/index.php?rest_route=%2Fwp%2Fv2%2Fproduct_brand&post=801"},{"taxonomy":"product_cat","embeddable":true,"href":"https:\/\/lojaodocambioautomatico.com.br\/index.php?rest_route=%2Fwp%2Fv2%2Fproduct_cat&post=801"},{"taxonomy":"product_tag","embeddable":true,"href":"https:\/\/lojaodocambioautomatico.com.br\/index.php?rest_route=%2Fwp%2Fv2%2Fproduct_tag&post=801"}],"curies":[{"name":"wp","href":"https:\/\/api.w.org\/{rel}","templated":true}]}}