{"id":804,"date":"2025-07-16T13:29:50","date_gmt":"2025-07-16T16:29:50","guid":{"rendered":"https:\/\/lojaodocambioautomatico.com.br\/?post_type=product&#038;p=804"},"modified":"2025-07-21T10:27:06","modified_gmt":"2025-07-21T13:27:06","slug":"filtro-62te-chrysler-journey-92726","status":"publish","type":"product","link":"https:\/\/lojaodocambioautomatico.com.br\/?product=filtro-62te-chrysler-journey-92726","title":{"rendered":"FILTRO 62TE CHRYSLER JOURNEY 92726"},"content":{"rendered":"<h2 class=\"ui-pdp-description__title\" data-testid=\"title\">Descri\u00e7\u00e3o<\/h2>\n<p class=\"ui-pdp-description__content\" data-testid=\"content\">APLICA\u00c7\u00c3O:<br \/>\nDODGE<br \/>\nJOURNEY V6 2.7 E 3.6 &#8211; 2012 at\u00e9 2018 6 MARCHAS<\/p>\n<p>FIAT<br \/>\nFREEMONT 2.0 2.4 3.6 V6 &#8211; 2011 at\u00e9 2015 6 MARCHAS<\/p>\n<p>CHRYSLER<br \/>\nTOWN &amp; COUNTRY 2.8 3.6 3.8 4.0 V6 &#8211; 2007 at\u00e9 2016<\/p>\n<p>ITENS INCLUSOS:<br \/>\n01 &#8211; Filtro de \u00f3leo interno<\/p>\n","protected":false},"excerpt":{"rendered":"<p>Descri\u00e7\u00e3o APLICA\u00c7\u00c3O: DODGE JOURNEY V6 2.7 E 3.6 &#8211; 2012 at\u00e9 2018 6 MARCHAS FIAT FREEMONT 2.0 2.4 3.6 V6 &#8211; 2011 at\u00e9 2015 6 MARCHAS<span class=\"excerpt-hellip\"> [\u2026]<\/span><\/p>\n","protected":false},"featured_media":1014,"comment_status":"open","ping_status":"closed","template":"","meta":{"_joinchat":[]},"product_brand":[],"product_cat":[130],"product_tag":[],"class_list":{"0":"post-804","1":"product","2":"type-product","3":"status-publish","4":"has-post-thumbnail","6":"product_cat-filtros","8":"first","9":"instock","10":"taxable","11":"shipping-taxable","12":"purchasable","13":"product-type-simple"},"_links":{"self":[{"href":"https:\/\/lojaodocambioautomatico.com.br\/index.php?rest_route=\/wp\/v2\/product\/804","targetHints":{"allow":["GET"]}}],"collection":[{"href":"https:\/\/lojaodocambioautomatico.com.br\/index.php?rest_route=\/wp\/v2\/product"}],"about":[{"href":"https:\/\/lojaodocambioautomatico.com.br\/index.php?rest_route=\/wp\/v2\/types\/product"}],"replies":[{"embeddable":true,"href":"https:\/\/lojaodocambioautomatico.com.br\/index.php?rest_route=%2Fwp%2Fv2%2Fcomments&post=804"}],"version-history":[{"count":2,"href":"https:\/\/lojaodocambioautomatico.com.br\/index.php?rest_route=\/wp\/v2\/product\/804\/revisions"}],"predecessor-version":[{"id":1015,"href":"https:\/\/lojaodocambioautomatico.com.br\/index.php?rest_route=\/wp\/v2\/product\/804\/revisions\/1015"}],"wp:featuredmedia":[{"embeddable":true,"href":"https:\/\/lojaodocambioautomatico.com.br\/index.php?rest_route=\/wp\/v2\/media\/1014"}],"wp:attachment":[{"href":"https:\/\/lojaodocambioautomatico.com.br\/index.php?rest_route=%2Fwp%2Fv2%2Fmedia&parent=804"}],"wp:term":[{"taxonomy":"product_brand","embeddable":true,"href":"https:\/\/lojaodocambioautomatico.com.br\/index.php?rest_route=%2Fwp%2Fv2%2Fproduct_brand&post=804"},{"taxonomy":"product_cat","embeddable":true,"href":"https:\/\/lojaodocambioautomatico.com.br\/index.php?rest_route=%2Fwp%2Fv2%2Fproduct_cat&post=804"},{"taxonomy":"product_tag","embeddable":true,"href":"https:\/\/lojaodocambioautomatico.com.br\/index.php?rest_route=%2Fwp%2Fv2%2Fproduct_tag&post=804"}],"curies":[{"name":"wp","href":"https:\/\/api.w.org\/{rel}","templated":true}]}}