{"id":809,"date":"2025-07-16T14:55:14","date_gmt":"2025-07-16T17:55:14","guid":{"rendered":"https:\/\/lojaodocambioautomatico.com.br\/?post_type=product&#038;p=809"},"modified":"2025-09-03T10:08:38","modified_gmt":"2025-09-03T13:08:38","slug":"filtro-jf405e-mitsubishi-kia-picanto-41710h","status":"publish","type":"product","link":"https:\/\/lojaodocambioautomatico.com.br\/?product=filtro-jf405e-mitsubishi-kia-picanto-41710h","title":{"rendered":"FILTRO JF405E MITSUBISHI KIA PICANTO 41710H"},"content":{"rendered":"<h2 class=\"ui-pdp-description__title\" data-testid=\"title\">Descri\u00e7\u00e3o<\/h2>\n<p class=\"ui-pdp-description__content\" data-testid=\"content\">APLICA\u00c7\u00c3O:<br \/>\nKia Picanto 1.0 &#8211; 2006 at\u00e9 2009 &#8211; 4 MARCHAS<br \/>\nHyundai Atos Prime 1.0 (GASOLINA) &#8211; 1998 at\u00e9 2001 &#8211; 4 MARCHAS<br \/>\nHyundai Atos 1.0 (GASOLINA) &#8211; 2001 at\u00e9 2003 &#8211; 4 MARCHAS<br \/>\nC\u00c2MBIO AUTOM\u00c1TICO: JF405E<\/p>\n<p>ITENS INCLUSOS:<br \/>\n01- Filtro de \u00f3leo interno<\/p>\n","protected":false},"excerpt":{"rendered":"<p>Descri\u00e7\u00e3o APLICA\u00c7\u00c3O: Kia Picanto 1.0 &#8211; 2006 at\u00e9 2009 &#8211; 4 MARCHAS Hyundai Atos Prime 1.0 (GASOLINA) &#8211; 1998 at\u00e9 2001 &#8211; 4 MARCHAS Hyundai Atos<span class=\"excerpt-hellip\"> [\u2026]<\/span><\/p>\n","protected":false},"featured_media":944,"comment_status":"open","ping_status":"closed","template":"","meta":{"_joinchat":[]},"product_brand":[],"product_cat":[130],"product_tag":[],"class_list":{"0":"post-809","1":"product","2":"type-product","3":"status-publish","4":"has-post-thumbnail","6":"product_cat-filtros","8":"first","9":"instock","10":"taxable","11":"shipping-taxable","12":"purchasable","13":"product-type-simple"},"_links":{"self":[{"href":"https:\/\/lojaodocambioautomatico.com.br\/index.php?rest_route=\/wp\/v2\/product\/809","targetHints":{"allow":["GET"]}}],"collection":[{"href":"https:\/\/lojaodocambioautomatico.com.br\/index.php?rest_route=\/wp\/v2\/product"}],"about":[{"href":"https:\/\/lojaodocambioautomatico.com.br\/index.php?rest_route=\/wp\/v2\/types\/product"}],"replies":[{"embeddable":true,"href":"https:\/\/lojaodocambioautomatico.com.br\/index.php?rest_route=%2Fwp%2Fv2%2Fcomments&post=809"}],"version-history":[{"count":2,"href":"https:\/\/lojaodocambioautomatico.com.br\/index.php?rest_route=\/wp\/v2\/product\/809\/revisions"}],"predecessor-version":[{"id":933,"href":"https:\/\/lojaodocambioautomatico.com.br\/index.php?rest_route=\/wp\/v2\/product\/809\/revisions\/933"}],"wp:featuredmedia":[{"embeddable":true,"href":"https:\/\/lojaodocambioautomatico.com.br\/index.php?rest_route=\/wp\/v2\/media\/944"}],"wp:attachment":[{"href":"https:\/\/lojaodocambioautomatico.com.br\/index.php?rest_route=%2Fwp%2Fv2%2Fmedia&parent=809"}],"wp:term":[{"taxonomy":"product_brand","embeddable":true,"href":"https:\/\/lojaodocambioautomatico.com.br\/index.php?rest_route=%2Fwp%2Fv2%2Fproduct_brand&post=809"},{"taxonomy":"product_cat","embeddable":true,"href":"https:\/\/lojaodocambioautomatico.com.br\/index.php?rest_route=%2Fwp%2Fv2%2Fproduct_cat&post=809"},{"taxonomy":"product_tag","embeddable":true,"href":"https:\/\/lojaodocambioautomatico.com.br\/index.php?rest_route=%2Fwp%2Fv2%2Fproduct_tag&post=809"}],"curies":[{"name":"wp","href":"https:\/\/api.w.org\/{rel}","templated":true}]}}