{"id":819,"date":"2025-07-16T15:29:39","date_gmt":"2025-07-16T18:29:39","guid":{"rendered":"https:\/\/lojaodocambioautomatico.com.br\/?post_type=product&#038;p=819"},"modified":"2025-07-18T11:17:48","modified_gmt":"2025-07-18T14:17:48","slug":"cinta-4l60e-blazer-2-62-wide-77701w","status":"publish","type":"product","link":"https:\/\/lojaodocambioautomatico.com.br\/?product=cinta-4l60e-blazer-2-62-wide-77701w","title":{"rendered":"CINTA 4L60E BLAZER 2.62 WIDE 77701W"},"content":{"rendered":"<h2 class=\"ui-pdp-description__title\" data-testid=\"title\">Descri\u00e7\u00e3o<\/h2>\n<p class=\"ui-pdp-description__content\" data-testid=\"content\">Pe\u00e7a anunciada para o C\u00e2mbio Autom\u00e1tico 4L60<\/p>\n<p>Cinta De Frenagem C\u00e2mbio Aut 4L60 Blazer Omega S10<\/p>\n<p>PRODUTO A PRONTA ENTREGA<\/p>\n<p>APLICA\u00c7\u00c3O:<br \/>\nBlazer de 1998 a 2004 V6 4.3<br \/>\nS10 1998 a 2001 V6 4.3<br \/>\nOmega Australiano de 1999 a 2002 V6<br \/>\nSS10 4.3 V6<\/p>\n<p>COMPOSI\u00c7\u00c3O:<br \/>\n01- CINTA DE FRENAGEM<\/p>\n","protected":false},"excerpt":{"rendered":"<p>Descri\u00e7\u00e3o Pe\u00e7a anunciada para o C\u00e2mbio Autom\u00e1tico 4L60 Cinta De Frenagem C\u00e2mbio Aut 4L60 Blazer Omega S10 PRODUTO A PRONTA ENTREGA APLICA\u00c7\u00c3O: Blazer de 1998 a<span class=\"excerpt-hellip\"> [\u2026]<\/span><\/p>\n","protected":false},"featured_media":910,"comment_status":"open","ping_status":"closed","template":"","meta":{"_joinchat":[]},"product_brand":[],"product_cat":[140],"product_tag":[],"class_list":{"0":"post-819","1":"product","2":"type-product","3":"status-publish","4":"has-post-thumbnail","6":"product_cat-cintas","8":"first","9":"instock","10":"taxable","11":"shipping-taxable","12":"purchasable","13":"product-type-simple"},"_links":{"self":[{"href":"https:\/\/lojaodocambioautomatico.com.br\/index.php?rest_route=\/wp\/v2\/product\/819","targetHints":{"allow":["GET"]}}],"collection":[{"href":"https:\/\/lojaodocambioautomatico.com.br\/index.php?rest_route=\/wp\/v2\/product"}],"about":[{"href":"https:\/\/lojaodocambioautomatico.com.br\/index.php?rest_route=\/wp\/v2\/types\/product"}],"replies":[{"embeddable":true,"href":"https:\/\/lojaodocambioautomatico.com.br\/index.php?rest_route=%2Fwp%2Fv2%2Fcomments&post=819"}],"version-history":[{"count":3,"href":"https:\/\/lojaodocambioautomatico.com.br\/index.php?rest_route=\/wp\/v2\/product\/819\/revisions"}],"predecessor-version":[{"id":909,"href":"https:\/\/lojaodocambioautomatico.com.br\/index.php?rest_route=\/wp\/v2\/product\/819\/revisions\/909"}],"wp:featuredmedia":[{"embeddable":true,"href":"https:\/\/lojaodocambioautomatico.com.br\/index.php?rest_route=\/wp\/v2\/media\/910"}],"wp:attachment":[{"href":"https:\/\/lojaodocambioautomatico.com.br\/index.php?rest_route=%2Fwp%2Fv2%2Fmedia&parent=819"}],"wp:term":[{"taxonomy":"product_brand","embeddable":true,"href":"https:\/\/lojaodocambioautomatico.com.br\/index.php?rest_route=%2Fwp%2Fv2%2Fproduct_brand&post=819"},{"taxonomy":"product_cat","embeddable":true,"href":"https:\/\/lojaodocambioautomatico.com.br\/index.php?rest_route=%2Fwp%2Fv2%2Fproduct_cat&post=819"},{"taxonomy":"product_tag","embeddable":true,"href":"https:\/\/lojaodocambioautomatico.com.br\/index.php?rest_route=%2Fwp%2Fv2%2Fproduct_tag&post=819"}],"curies":[{"name":"wp","href":"https:\/\/api.w.org\/{rel}","templated":true}]}}