{"id":823,"date":"2025-07-16T15:36:14","date_gmt":"2025-07-16T18:36:14","guid":{"rendered":"https:\/\/lojaodocambioautomatico.com.br\/?post_type=product&#038;p=823"},"modified":"2025-07-19T11:38:21","modified_gmt":"2025-07-19T14:38:21","slug":"filtrof4a41-f4a42-f4a51-mitsubish-ano-96-up-externo","status":"publish","type":"product","link":"https:\/\/lojaodocambioautomatico.com.br\/?product=filtrof4a41-f4a42-f4a51-mitsubish-ano-96-up-externo","title":{"rendered":"FILTROF4A41\/F4A42\/F4A51 MITSUBISH ANO 96 UP EXTERNO"},"content":{"rendered":"<h2 class=\"ui-pdp-description__title\" data-testid=\"title\">Descri\u00e7\u00e3o<\/h2>\n<p class=\"ui-pdp-description__content\" data-testid=\"content\">\u2022 Alta qualidade de filtragem<br \/>\n\u2022 Prote\u00e7\u00e3o do motor<\/p>\n<p>FILTRO F4A41 \/ F4A42 \/ F4A51 MITSUBISHI ANO 96 UP EXTERNO &amp;quot;GARANTIA: Todos os nossos pedidos s\u00e3o acompanhados de nota fiscal e garantia de 90 dias para defeitos de fabrica\u00e7\u00e3o. N\u00e3o cobrimos erros de instala\u00e7\u00e3o que acabem danificando a pe\u00e7a.<\/p>\n<p data-testid=\"content\">ITENS INCLUSOS:<br \/>\n\u2022 1 Filtro<\/p>\n","protected":false},"excerpt":{"rendered":"<p>Descri\u00e7\u00e3o \u2022 Alta qualidade de filtragem \u2022 Prote\u00e7\u00e3o do motor FILTRO F4A41 \/ F4A42 \/ F4A51 MITSUBISHI ANO 96 UP EXTERNO &amp;quot;GARANTIA: Todos os nossos pedidos<span class=\"excerpt-hellip\"> [\u2026]<\/span><\/p>\n","protected":false},"featured_media":962,"comment_status":"open","ping_status":"closed","template":"","meta":{"_joinchat":[]},"product_brand":[],"product_cat":[130],"product_tag":[],"class_list":{"0":"post-823","1":"product","2":"type-product","3":"status-publish","4":"has-post-thumbnail","6":"product_cat-filtros","8":"first","9":"instock","10":"taxable","11":"shipping-taxable","12":"purchasable","13":"product-type-simple"},"_links":{"self":[{"href":"https:\/\/lojaodocambioautomatico.com.br\/index.php?rest_route=\/wp\/v2\/product\/823","targetHints":{"allow":["GET"]}}],"collection":[{"href":"https:\/\/lojaodocambioautomatico.com.br\/index.php?rest_route=\/wp\/v2\/product"}],"about":[{"href":"https:\/\/lojaodocambioautomatico.com.br\/index.php?rest_route=\/wp\/v2\/types\/product"}],"replies":[{"embeddable":true,"href":"https:\/\/lojaodocambioautomatico.com.br\/index.php?rest_route=%2Fwp%2Fv2%2Fcomments&post=823"}],"version-history":[{"count":2,"href":"https:\/\/lojaodocambioautomatico.com.br\/index.php?rest_route=\/wp\/v2\/product\/823\/revisions"}],"predecessor-version":[{"id":963,"href":"https:\/\/lojaodocambioautomatico.com.br\/index.php?rest_route=\/wp\/v2\/product\/823\/revisions\/963"}],"wp:featuredmedia":[{"embeddable":true,"href":"https:\/\/lojaodocambioautomatico.com.br\/index.php?rest_route=\/wp\/v2\/media\/962"}],"wp:attachment":[{"href":"https:\/\/lojaodocambioautomatico.com.br\/index.php?rest_route=%2Fwp%2Fv2%2Fmedia&parent=823"}],"wp:term":[{"taxonomy":"product_brand","embeddable":true,"href":"https:\/\/lojaodocambioautomatico.com.br\/index.php?rest_route=%2Fwp%2Fv2%2Fproduct_brand&post=823"},{"taxonomy":"product_cat","embeddable":true,"href":"https:\/\/lojaodocambioautomatico.com.br\/index.php?rest_route=%2Fwp%2Fv2%2Fproduct_cat&post=823"},{"taxonomy":"product_tag","embeddable":true,"href":"https:\/\/lojaodocambioautomatico.com.br\/index.php?rest_route=%2Fwp%2Fv2%2Fproduct_tag&post=823"}],"curies":[{"name":"wp","href":"https:\/\/api.w.org\/{rel}","templated":true}]}}