{"id":831,"date":"2025-07-16T15:50:12","date_gmt":"2025-07-16T18:50:12","guid":{"rendered":"https:\/\/lojaodocambioautomatico.com.br\/?post_type=product&#038;p=831"},"modified":"2025-07-21T08:55:32","modified_gmt":"2025-07-21T11:55:32","slug":"rolamento-6dct250-powershift","status":"publish","type":"product","link":"https:\/\/lojaodocambioautomatico.com.br\/?product=rolamento-6dct250-powershift","title":{"rendered":"ROLAMENTO 6DCT250 POWERSHIFT"},"content":{"rendered":"<h2 class=\"ui-pdp-description__title\" data-testid=\"title\">Descri\u00e7\u00e3o<\/h2>\n<p class=\"ui-pdp-description__content\" data-testid=\"content\">Kit de Rolamento da embreagem do c\u00e2mbio\/transmiss\u00e3o Powershift (DPS6) para Focus, New Fiesta e Ecosport.<\/p>\n<p>Kit de excelente qualidade, acompanha tamb\u00e9m as duas pistas dos rolamentos.<\/p>\n<p>Aplica\u00e7\u00e3o:<br \/>\n&#8211; Ecosport Powershift 2012 a 2018;<br \/>\n&#8211; New Fiesta Powershift 2013 em diante;<br \/>\n&#8211; Focus Powershift 2014 em diante.<\/p>\n<p>Cont\u00e9m na embalagem:<br \/>\n&#8211; 1 Rolamento da embreagem;<br \/>\n&#8211; 2 Pistas do rolamento da embreagem.<\/p>\n","protected":false},"excerpt":{"rendered":"<p>Descri\u00e7\u00e3o Kit de Rolamento da embreagem do c\u00e2mbio\/transmiss\u00e3o Powershift (DPS6) para Focus, New Fiesta e Ecosport. Kit de excelente qualidade, acompanha tamb\u00e9m as duas pistas dos<span class=\"excerpt-hellip\"> [\u2026]<\/span><\/p>\n","protected":false},"featured_media":972,"comment_status":"open","ping_status":"closed","template":"","meta":{"_joinchat":[]},"product_brand":[],"product_cat":[144],"product_tag":[],"class_list":{"0":"post-831","1":"product","2":"type-product","3":"status-publish","4":"has-post-thumbnail","6":"product_cat-rolamentos","8":"first","9":"instock","10":"taxable","11":"shipping-taxable","12":"purchasable","13":"product-type-simple"},"_links":{"self":[{"href":"https:\/\/lojaodocambioautomatico.com.br\/index.php?rest_route=\/wp\/v2\/product\/831","targetHints":{"allow":["GET"]}}],"collection":[{"href":"https:\/\/lojaodocambioautomatico.com.br\/index.php?rest_route=\/wp\/v2\/product"}],"about":[{"href":"https:\/\/lojaodocambioautomatico.com.br\/index.php?rest_route=\/wp\/v2\/types\/product"}],"replies":[{"embeddable":true,"href":"https:\/\/lojaodocambioautomatico.com.br\/index.php?rest_route=%2Fwp%2Fv2%2Fcomments&post=831"}],"version-history":[{"count":3,"href":"https:\/\/lojaodocambioautomatico.com.br\/index.php?rest_route=\/wp\/v2\/product\/831\/revisions"}],"predecessor-version":[{"id":973,"href":"https:\/\/lojaodocambioautomatico.com.br\/index.php?rest_route=\/wp\/v2\/product\/831\/revisions\/973"}],"wp:featuredmedia":[{"embeddable":true,"href":"https:\/\/lojaodocambioautomatico.com.br\/index.php?rest_route=\/wp\/v2\/media\/972"}],"wp:attachment":[{"href":"https:\/\/lojaodocambioautomatico.com.br\/index.php?rest_route=%2Fwp%2Fv2%2Fmedia&parent=831"}],"wp:term":[{"taxonomy":"product_brand","embeddable":true,"href":"https:\/\/lojaodocambioautomatico.com.br\/index.php?rest_route=%2Fwp%2Fv2%2Fproduct_brand&post=831"},{"taxonomy":"product_cat","embeddable":true,"href":"https:\/\/lojaodocambioautomatico.com.br\/index.php?rest_route=%2Fwp%2Fv2%2Fproduct_cat&post=831"},{"taxonomy":"product_tag","embeddable":true,"href":"https:\/\/lojaodocambioautomatico.com.br\/index.php?rest_route=%2Fwp%2Fv2%2Fproduct_tag&post=831"}],"curies":[{"name":"wp","href":"https:\/\/api.w.org\/{rel}","templated":true}]}}