{"id":844,"date":"2025-07-17T11:43:19","date_gmt":"2025-07-17T14:43:19","guid":{"rendered":"https:\/\/lojaodocambioautomatico.com.br\/?post_type=product&#038;p=844"},"modified":"2025-07-18T11:31:13","modified_gmt":"2025-07-18T14:31:13","slug":"corrente-jf011e-polia-cvt-212700a","status":"publish","type":"product","link":"https:\/\/lojaodocambioautomatico.com.br\/?product=corrente-jf011e-polia-cvt-212700a","title":{"rendered":"CORRENTE JF011E POLIA CVT 212700A"},"content":{"rendered":"<p>&gt; CORRENTE DA POLIA DO C\u00c2MBIO AUTOM\u00c1TICO CVT JF011<br \/>\n&#8211; Produto Novo Original<\/p>\n<p>&gt; APLICA\u00c7\u00c3O:<br \/>\n&#8211; Nissan Sentra at\u00e9 2013 &#8211; C\u00e2mbio Autom\u00e1tico CVT<br \/>\n&#8211; Renault Fluence at\u00e9 2013 &#8211; C\u00e2mbio Autom\u00e1tico CVT<br \/>\n&#8211; Mitsubishi Lancer &#8211;\u00a0C\u00e2mbio Autom\u00e1tico\u00a0CVT<br \/>\n&#8211; Mitsubishi Outlander &#8211;\u00a0C\u00e2mbio Autom\u00e1tico\u00a0CVT<br \/>\n&#8211; Mitsubishi ASX &#8211;\u00a0C\u00e2mbio Autom\u00e1tico\u00a0CVT<\/p>\n<p>&#8211; Fotos reais do produto<\/p>\n","protected":false},"excerpt":{"rendered":"<p>&gt; CORRENTE DA POLIA DO C\u00c2MBIO AUTOM\u00c1TICO CVT JF011 &#8211; Produto Novo Original &gt; APLICA\u00c7\u00c3O: &#8211; Nissan Sentra at\u00e9 2013 &#8211; C\u00e2mbio Autom\u00e1tico CVT &#8211; Renault<span class=\"excerpt-hellip\"> [\u2026]<\/span><\/p>\n","protected":false},"featured_media":917,"comment_status":"open","ping_status":"closed","template":"","meta":{"_joinchat":[]},"product_brand":[],"product_cat":[145],"product_tag":[],"class_list":{"0":"post-844","1":"product","2":"type-product","3":"status-publish","4":"has-post-thumbnail","6":"product_cat-correntes","8":"first","9":"instock","10":"taxable","11":"shipping-taxable","12":"purchasable","13":"product-type-simple"},"_links":{"self":[{"href":"https:\/\/lojaodocambioautomatico.com.br\/index.php?rest_route=\/wp\/v2\/product\/844","targetHints":{"allow":["GET"]}}],"collection":[{"href":"https:\/\/lojaodocambioautomatico.com.br\/index.php?rest_route=\/wp\/v2\/product"}],"about":[{"href":"https:\/\/lojaodocambioautomatico.com.br\/index.php?rest_route=\/wp\/v2\/types\/product"}],"replies":[{"embeddable":true,"href":"https:\/\/lojaodocambioautomatico.com.br\/index.php?rest_route=%2Fwp%2Fv2%2Fcomments&post=844"}],"version-history":[{"count":1,"href":"https:\/\/lojaodocambioautomatico.com.br\/index.php?rest_route=\/wp\/v2\/product\/844\/revisions"}],"predecessor-version":[{"id":848,"href":"https:\/\/lojaodocambioautomatico.com.br\/index.php?rest_route=\/wp\/v2\/product\/844\/revisions\/848"}],"wp:featuredmedia":[{"embeddable":true,"href":"https:\/\/lojaodocambioautomatico.com.br\/index.php?rest_route=\/wp\/v2\/media\/917"}],"wp:attachment":[{"href":"https:\/\/lojaodocambioautomatico.com.br\/index.php?rest_route=%2Fwp%2Fv2%2Fmedia&parent=844"}],"wp:term":[{"taxonomy":"product_brand","embeddable":true,"href":"https:\/\/lojaodocambioautomatico.com.br\/index.php?rest_route=%2Fwp%2Fv2%2Fproduct_brand&post=844"},{"taxonomy":"product_cat","embeddable":true,"href":"https:\/\/lojaodocambioautomatico.com.br\/index.php?rest_route=%2Fwp%2Fv2%2Fproduct_cat&post=844"},{"taxonomy":"product_tag","embeddable":true,"href":"https:\/\/lojaodocambioautomatico.com.br\/index.php?rest_route=%2Fwp%2Fv2%2Fproduct_tag&post=844"}],"curies":[{"name":"wp","href":"https:\/\/api.w.org\/{rel}","templated":true}]}}