{"id":860,"date":"2025-07-17T15:09:12","date_gmt":"2025-07-17T18:09:12","guid":{"rendered":"https:\/\/lojaodocambioautomatico.com.br\/?post_type=product&#038;p=860"},"modified":"2025-07-21T10:01:28","modified_gmt":"2025-07-21T13:01:28","slug":"cinta-tf72-117700-245024b","status":"publish","type":"product","link":"https:\/\/lojaodocambioautomatico.com.br\/?product=cinta-tf72-117700-245024b","title":{"rendered":"CINTA TF72 117700 245024B"},"content":{"rendered":"<h2 class=\"ui-pdp-description__title\" data-testid=\"title\">Descri\u00e7\u00e3o<\/h2>\n<p class=\"ui-pdp-description__content\" data-testid=\"content\">Aplica\u00e7\u00e3o:<br \/>\nFIAT Toro 1.8 Flex 6 marchas 2016 em diante<br \/>\nFIAT Argos 1.8 Flex 6 marchas 2018 a 2022<br \/>\nFIAT Cronos 1.8 Flex 6 marchas 2018 a 2022<br \/>\nJEEP Compass 2.0 Flex 6 marchas 2016 em diante<br \/>\nJEEP Renegade 1.8 Flex 6 marchas todos os anos<\/p>\n<p>Itens inclusos:<br \/>\n01 &#8211; Cinta de freio<\/p>\n","protected":false},"excerpt":{"rendered":"<p>Descri\u00e7\u00e3o Aplica\u00e7\u00e3o: FIAT Toro 1.8 Flex 6 marchas 2016 em diante FIAT Argos 1.8 Flex 6 marchas 2018 a 2022 FIAT Cronos 1.8 Flex 6 marchas<span class=\"excerpt-hellip\"> [\u2026]<\/span><\/p>\n","protected":false},"featured_media":911,"comment_status":"open","ping_status":"closed","template":"","meta":{"_joinchat":[]},"product_brand":[],"product_cat":[140],"product_tag":[],"class_list":{"0":"post-860","1":"product","2":"type-product","3":"status-publish","4":"has-post-thumbnail","6":"product_cat-cintas","8":"first","9":"instock","10":"taxable","11":"shipping-taxable","12":"purchasable","13":"product-type-simple"},"_links":{"self":[{"href":"https:\/\/lojaodocambioautomatico.com.br\/index.php?rest_route=\/wp\/v2\/product\/860","targetHints":{"allow":["GET"]}}],"collection":[{"href":"https:\/\/lojaodocambioautomatico.com.br\/index.php?rest_route=\/wp\/v2\/product"}],"about":[{"href":"https:\/\/lojaodocambioautomatico.com.br\/index.php?rest_route=\/wp\/v2\/types\/product"}],"replies":[{"embeddable":true,"href":"https:\/\/lojaodocambioautomatico.com.br\/index.php?rest_route=%2Fwp%2Fv2%2Fcomments&post=860"}],"version-history":[{"count":2,"href":"https:\/\/lojaodocambioautomatico.com.br\/index.php?rest_route=\/wp\/v2\/product\/860\/revisions"}],"predecessor-version":[{"id":912,"href":"https:\/\/lojaodocambioautomatico.com.br\/index.php?rest_route=\/wp\/v2\/product\/860\/revisions\/912"}],"wp:featuredmedia":[{"embeddable":true,"href":"https:\/\/lojaodocambioautomatico.com.br\/index.php?rest_route=\/wp\/v2\/media\/911"}],"wp:attachment":[{"href":"https:\/\/lojaodocambioautomatico.com.br\/index.php?rest_route=%2Fwp%2Fv2%2Fmedia&parent=860"}],"wp:term":[{"taxonomy":"product_brand","embeddable":true,"href":"https:\/\/lojaodocambioautomatico.com.br\/index.php?rest_route=%2Fwp%2Fv2%2Fproduct_brand&post=860"},{"taxonomy":"product_cat","embeddable":true,"href":"https:\/\/lojaodocambioautomatico.com.br\/index.php?rest_route=%2Fwp%2Fv2%2Fproduct_cat&post=860"},{"taxonomy":"product_tag","embeddable":true,"href":"https:\/\/lojaodocambioautomatico.com.br\/index.php?rest_route=%2Fwp%2Fv2%2Fproduct_tag&post=860"}],"curies":[{"name":"wp","href":"https:\/\/api.w.org\/{rel}","templated":true}]}}