{"id":864,"date":"2025-07-17T15:16:58","date_gmt":"2025-07-17T18:16:58","guid":{"rendered":"https:\/\/lojaodocambioautomatico.com.br\/?post_type=product&#038;p=864"},"modified":"2025-08-01T12:17:31","modified_gmt":"2025-08-01T15:17:31","slug":"sensor-6t30-rotacao-saida-gm-spin-azul","status":"publish","type":"product","link":"https:\/\/lojaodocambioautomatico.com.br\/?product=sensor-6t30-rotacao-saida-gm-spin-azul","title":{"rendered":"SENSOR 6T30 ROTACAO SAIDA GM SPIN AZUL"},"content":{"rendered":"<h2 class=\"ui-pdp-description__title\" data-testid=\"title\">Descri\u00e7\u00e3o<\/h2>\n<p class=\"ui-pdp-description__content\" data-testid=\"content\">Sensor rota\u00e7\u00e3o<\/p>\n<p>APLICA\u00c7\u00d5ES:<br \/>\nGM<br \/>\nCaptiva 2015\/2017<br \/>\nCobalt 2013\/2019<br \/>\nCruze 2012&#8230;.<br \/>\nOnix 2012&#8230;.<br \/>\nPrisma 2012..<br \/>\nSpin 2013&#8230;<br \/>\nTracker C 2021\/2022<\/p>\n","protected":false},"excerpt":{"rendered":"<p>Descri\u00e7\u00e3o Sensor rota\u00e7\u00e3o APLICA\u00c7\u00d5ES: GM Captiva 2015\/2017 Cobalt 2013\/2019 Cruze 2012&#8230;. Onix 2012&#8230;. Prisma 2012.. Spin 2013&#8230; Tracker C 2021\/2022<\/p>\n","protected":false},"featured_media":977,"comment_status":"open","ping_status":"closed","template":"","meta":{"_joinchat":[]},"product_brand":[],"product_cat":[147],"product_tag":[],"class_list":{"0":"post-864","1":"product","2":"type-product","3":"status-publish","4":"has-post-thumbnail","6":"product_cat-sensores","8":"first","9":"instock","10":"taxable","11":"shipping-taxable","12":"purchasable","13":"product-type-simple"},"_links":{"self":[{"href":"https:\/\/lojaodocambioautomatico.com.br\/index.php?rest_route=\/wp\/v2\/product\/864","targetHints":{"allow":["GET"]}}],"collection":[{"href":"https:\/\/lojaodocambioautomatico.com.br\/index.php?rest_route=\/wp\/v2\/product"}],"about":[{"href":"https:\/\/lojaodocambioautomatico.com.br\/index.php?rest_route=\/wp\/v2\/types\/product"}],"replies":[{"embeddable":true,"href":"https:\/\/lojaodocambioautomatico.com.br\/index.php?rest_route=%2Fwp%2Fv2%2Fcomments&post=864"}],"version-history":[{"count":2,"href":"https:\/\/lojaodocambioautomatico.com.br\/index.php?rest_route=\/wp\/v2\/product\/864\/revisions"}],"predecessor-version":[{"id":978,"href":"https:\/\/lojaodocambioautomatico.com.br\/index.php?rest_route=\/wp\/v2\/product\/864\/revisions\/978"}],"wp:featuredmedia":[{"embeddable":true,"href":"https:\/\/lojaodocambioautomatico.com.br\/index.php?rest_route=\/wp\/v2\/media\/977"}],"wp:attachment":[{"href":"https:\/\/lojaodocambioautomatico.com.br\/index.php?rest_route=%2Fwp%2Fv2%2Fmedia&parent=864"}],"wp:term":[{"taxonomy":"product_brand","embeddable":true,"href":"https:\/\/lojaodocambioautomatico.com.br\/index.php?rest_route=%2Fwp%2Fv2%2Fproduct_brand&post=864"},{"taxonomy":"product_cat","embeddable":true,"href":"https:\/\/lojaodocambioautomatico.com.br\/index.php?rest_route=%2Fwp%2Fv2%2Fproduct_cat&post=864"},{"taxonomy":"product_tag","embeddable":true,"href":"https:\/\/lojaodocambioautomatico.com.br\/index.php?rest_route=%2Fwp%2Fv2%2Fproduct_tag&post=864"}],"curies":[{"name":"wp","href":"https:\/\/api.w.org\/{rel}","templated":true}]}}