{"id":873,"date":"2025-07-17T15:29:54","date_gmt":"2025-07-17T18:29:54","guid":{"rendered":"https:\/\/lojaodocambioautomatico.com.br\/?post_type=product&#038;p=873"},"modified":"2025-07-21T09:54:35","modified_gmt":"2025-07-21T12:54:35","slug":"jogo-de-aneis-de-vedacao-6dct450","status":"publish","type":"product","link":"https:\/\/lojaodocambioautomatico.com.br\/?product=jogo-de-aneis-de-vedacao-6dct450","title":{"rendered":"JOGO DE AN\u00c9IS DE VEDA\u00c7\u00c3O 6DCT450"},"content":{"rendered":"<h2 class=\"ui-pdp-description__title\" data-testid=\"title\">Descri\u00e7\u00e3o<\/h2>\n<p class=\"ui-pdp-description__content\" data-testid=\"content\">Jogo de an\u00e9is de veda\u00e7\u00e3o de aplica\u00e7\u00e3o das embreagens- 5 p\u00e7s &#8211; C\u00e2mbio Autom\u00e1tico 6DCT450<br \/>\nAplica\u00e7\u00e3o:<br \/>\n&#8211; Ford Focus<br \/>\n&#8211; Volvo Embreagem Dupla C30 (2009 a 2012)<br \/>\n&#8211; C70 (2008 a 2013)<br \/>\n&#8211; S40 (2008 a 2012)<br \/>\n&#8211; SV60 (2010 a 2014)<br \/>\n&#8211; S60L (2013 a 2014)<br \/>\n&#8211; S80 (2010 a 2014)<br \/>\n&#8211; V40 (2012 a 2014)<br \/>\n&#8211; V50 (2008 a 2012)<br \/>\n&#8211; V60<br \/>\n&#8211; V70<br \/>\n&#8211; XC60<br \/>\n&#8211; XC90<\/p>\n<p>DESCRI\u00c7\u00c3O DO PRODUTO:<br \/>\nPe\u00e7a original.<br \/>\nCOMPOSI\u00c7\u00c3O:<\/p>\n<p>-01 PE\u00c7A (conforme fotos do an\u00fancio)<\/p>\n","protected":false},"excerpt":{"rendered":"<p>Descri\u00e7\u00e3o Jogo de an\u00e9is de veda\u00e7\u00e3o de aplica\u00e7\u00e3o das embreagens- 5 p\u00e7s &#8211; C\u00e2mbio Autom\u00e1tico 6DCT450 Aplica\u00e7\u00e3o: &#8211; Ford Focus &#8211; Volvo Embreagem Dupla C30 (2009<span class=\"excerpt-hellip\"> [\u2026]<\/span><\/p>\n","protected":false},"featured_media":964,"comment_status":"open","ping_status":"closed","template":"","meta":{"_joinchat":[]},"product_brand":[],"product_cat":[148],"product_tag":[],"class_list":{"0":"post-873","1":"product","2":"type-product","3":"status-publish","4":"has-post-thumbnail","6":"product_cat-jogo-de-aneis-de-vedacao","8":"first","9":"instock","10":"sale","11":"taxable","12":"shipping-taxable","13":"purchasable","14":"product-type-simple"},"_links":{"self":[{"href":"https:\/\/lojaodocambioautomatico.com.br\/index.php?rest_route=\/wp\/v2\/product\/873","targetHints":{"allow":["GET"]}}],"collection":[{"href":"https:\/\/lojaodocambioautomatico.com.br\/index.php?rest_route=\/wp\/v2\/product"}],"about":[{"href":"https:\/\/lojaodocambioautomatico.com.br\/index.php?rest_route=\/wp\/v2\/types\/product"}],"replies":[{"embeddable":true,"href":"https:\/\/lojaodocambioautomatico.com.br\/index.php?rest_route=%2Fwp%2Fv2%2Fcomments&post=873"}],"version-history":[{"count":3,"href":"https:\/\/lojaodocambioautomatico.com.br\/index.php?rest_route=\/wp\/v2\/product\/873\/revisions"}],"predecessor-version":[{"id":993,"href":"https:\/\/lojaodocambioautomatico.com.br\/index.php?rest_route=\/wp\/v2\/product\/873\/revisions\/993"}],"wp:featuredmedia":[{"embeddable":true,"href":"https:\/\/lojaodocambioautomatico.com.br\/index.php?rest_route=\/wp\/v2\/media\/964"}],"wp:attachment":[{"href":"https:\/\/lojaodocambioautomatico.com.br\/index.php?rest_route=%2Fwp%2Fv2%2Fmedia&parent=873"}],"wp:term":[{"taxonomy":"product_brand","embeddable":true,"href":"https:\/\/lojaodocambioautomatico.com.br\/index.php?rest_route=%2Fwp%2Fv2%2Fproduct_brand&post=873"},{"taxonomy":"product_cat","embeddable":true,"href":"https:\/\/lojaodocambioautomatico.com.br\/index.php?rest_route=%2Fwp%2Fv2%2Fproduct_cat&post=873"},{"taxonomy":"product_tag","embeddable":true,"href":"https:\/\/lojaodocambioautomatico.com.br\/index.php?rest_route=%2Fwp%2Fv2%2Fproduct_tag&post=873"}],"curies":[{"name":"wp","href":"https:\/\/api.w.org\/{rel}","templated":true}]}}