{"id":877,"date":"2025-07-17T15:38:39","date_gmt":"2025-07-17T18:38:39","guid":{"rendered":"https:\/\/lojaodocambioautomatico.com.br\/?post_type=product&#038;p=877"},"modified":"2025-10-09T09:27:35","modified_gmt":"2025-10-09T12:27:35","slug":"kit-aneis-teflon-cambio-automatico-al4-3165","status":"publish","type":"product","link":"https:\/\/lojaodocambioautomatico.com.br\/?product=kit-aneis-teflon-cambio-automatico-al4-3165","title":{"rendered":"KIT AN\u00c9IS TEFLON C\u00c2MBIO AUTOM\u00c1TICO AL4 3165"},"content":{"rendered":"<h2 class=\"ui-pdp-description__title\" data-testid=\"title\">Descri\u00e7\u00e3o<\/h2>\n<p class=\"ui-pdp-description__content\" data-testid=\"content\">ATEN\u00c7\u00c3O<br \/>\nESSES ANEIS S\u00c3O REFOR\u00c7ADOS DE NOSSA FABRICA\u00c7\u00c3O<\/p>\n<p>kit de 6 An\u00e9is C\u00e2mbio Autom\u00e1tico Al4<br \/>\nPeugeot Citroen Renault<\/p>\n<p>ITENS INCLUSOS:<br \/>\n3 an\u00e9is da tampa<br \/>\n2 an\u00e9is do acumulador<br \/>\n1 anel da ponta do eixo<\/p>\n<p>APLICA\u00c7\u00c3O;<br \/>\nCITROEN C3 C4 C5 C8 Picasso Xsara Aircross Break Xsara<br \/>\nPEUGEOT 206 207 208 307 308 405 406 407 408<br \/>\nRENAULT Megane Sandero Duster Logan Scenic<\/p>\n","protected":false},"excerpt":{"rendered":"<p>Descri\u00e7\u00e3o ATEN\u00c7\u00c3O ESSES ANEIS S\u00c3O REFOR\u00c7ADOS DE NOSSA FABRICA\u00c7\u00c3O kit de 6 An\u00e9is C\u00e2mbio Autom\u00e1tico Al4 Peugeot Citroen Renault ITENS INCLUSOS: 3 an\u00e9is da tampa 2<span class=\"excerpt-hellip\"> [\u2026]<\/span><\/p>\n","protected":false},"featured_media":1018,"comment_status":"open","ping_status":"closed","template":"","meta":{"_joinchat":[]},"product_brand":[],"product_cat":[148],"product_tag":[],"class_list":{"0":"post-877","1":"product","2":"type-product","3":"status-publish","4":"has-post-thumbnail","6":"product_cat-jogo-de-aneis-de-vedacao","8":"first","9":"instock","10":"taxable","11":"shipping-taxable","12":"purchasable","13":"product-type-simple"},"_links":{"self":[{"href":"https:\/\/lojaodocambioautomatico.com.br\/index.php?rest_route=\/wp\/v2\/product\/877","targetHints":{"allow":["GET"]}}],"collection":[{"href":"https:\/\/lojaodocambioautomatico.com.br\/index.php?rest_route=\/wp\/v2\/product"}],"about":[{"href":"https:\/\/lojaodocambioautomatico.com.br\/index.php?rest_route=\/wp\/v2\/types\/product"}],"replies":[{"embeddable":true,"href":"https:\/\/lojaodocambioautomatico.com.br\/index.php?rest_route=%2Fwp%2Fv2%2Fcomments&post=877"}],"version-history":[{"count":3,"href":"https:\/\/lojaodocambioautomatico.com.br\/index.php?rest_route=\/wp\/v2\/product\/877\/revisions"}],"predecessor-version":[{"id":992,"href":"https:\/\/lojaodocambioautomatico.com.br\/index.php?rest_route=\/wp\/v2\/product\/877\/revisions\/992"}],"wp:featuredmedia":[{"embeddable":true,"href":"https:\/\/lojaodocambioautomatico.com.br\/index.php?rest_route=\/wp\/v2\/media\/1018"}],"wp:attachment":[{"href":"https:\/\/lojaodocambioautomatico.com.br\/index.php?rest_route=%2Fwp%2Fv2%2Fmedia&parent=877"}],"wp:term":[{"taxonomy":"product_brand","embeddable":true,"href":"https:\/\/lojaodocambioautomatico.com.br\/index.php?rest_route=%2Fwp%2Fv2%2Fproduct_brand&post=877"},{"taxonomy":"product_cat","embeddable":true,"href":"https:\/\/lojaodocambioautomatico.com.br\/index.php?rest_route=%2Fwp%2Fv2%2Fproduct_cat&post=877"},{"taxonomy":"product_tag","embeddable":true,"href":"https:\/\/lojaodocambioautomatico.com.br\/index.php?rest_route=%2Fwp%2Fv2%2Fproduct_tag&post=877"}],"curies":[{"name":"wp","href":"https:\/\/api.w.org\/{rel}","templated":true}]}}