{"id":979,"date":"2025-07-21T09:26:25","date_gmt":"2025-07-21T12:26:25","guid":{"rendered":"https:\/\/lojaodocambioautomatico.com.br\/?post_type=product&#038;p=979"},"modified":"2025-07-21T09:51:48","modified_gmt":"2025-07-21T12:51:48","slug":"kit-reparo-robo-fox-i-motioncompleto-com-gaxetas-e-tampao","status":"publish","type":"product","link":"https:\/\/lojaodocambioautomatico.com.br\/?product=kit-reparo-robo-fox-i-motioncompleto-com-gaxetas-e-tampao","title":{"rendered":"KIT REPARO ROB\u00d4 FOX I-MOTION+COMPLETO COM GAXETAS E TAMP\u00c3O"},"content":{"rendered":"<h2 class=\"ui-pdp-description__title\" data-testid=\"title\">Descri\u00e7\u00e3o<\/h2>\n<p class=\"ui-pdp-description__content\" data-testid=\"content\">Kit Reparo Para C\u00e2mbios Automatizados VW I-Motion, realmente o mais completo do mercado, Com Todas Veda\u00e7\u00f5es Oring&#8217;s Necess\u00e1rias Para o Sistema, Incluso Gaxetas &#8220;retentores&#8221; dos eixos de sele\u00e7\u00e3o e engate, Retentor da Bomba, Mangueira de Retorno do \u00d3leo, Abra\u00e7adeiras inox, Tamp\u00e3o de Alum\u00ednio e Arruelas Milim\u00e9tricas de Inox Que S\u00e3o Usadas Para Compensar a Folga do Alojamento do Tamp\u00e3o Sanando Assim Definitivamente o Vazamento do Eixo de Sele\u00e7\u00e3o.<\/p>\n<p>TODOS OS ORING\u00b4S NECESS\u00c1RIOS EM VITON DE ALTA QUALIDADE, DESENVOLVIDOS SOB MEDIDA PROPORCIONANDO EFICIENTE ESTANQUEIDADE E ALTA DURABILIDADE DESTE REPARO.<br \/>\n.<br \/>\nEste Kit Contem:<br \/>\n01 Gaxeta &#8220;retentor&#8221; do eixo de sele\u00e7\u00e3o.<br \/>\n02 Gaxetas &#8220;retentores&#8221; do eixo de engate.<br \/>\n01 Tamp\u00e3o de alum\u00ednio do eixo de sele\u00e7\u00e3o.<br \/>\n03 arruelas inox de encosto do tamp\u00e3o.<br \/>\n01 Anel el\u00e1stico do tamp\u00e3o<br \/>\nVeda\u00e7\u00e3o do tamp\u00e3o.<br \/>\nVeda\u00e7\u00e3o oring do eixo de sele\u00e7\u00e3o.<br \/>\nVeda\u00e7\u00f5es das eletrov\u00e1lvulas.<br \/>\nVeda\u00e7\u00e3o da haste seletora.<br \/>\nVeda\u00e7\u00f5es dos tamp\u00f5es laterais.<br \/>\nVeda\u00e7\u00e3o do flex\u00edvel da embreagem.<br \/>\nVeda\u00e7\u00e3o do acumulador.<br \/>\nVeda\u00e7\u00e3o do sensor de press\u00e3o.<br \/>\nVeda\u00e7\u00f5es da v\u00e1lvula anti-retorno.<br \/>\nVeda\u00e7oes da bomba.<br \/>\nRetentor da bomba.<br \/>\nAbra\u00e7adeiras inox e mangueira de retorno de \u00f3leo.<br \/>\nPE\u00c7AS ESTAS EXPOSTAS FIELMENTE NAS FOTOS DO AN\u00daNCIO.<\/p>\n<p>Aplica Nos Modelos Vw: Gol, Voyage, Polo, Fox, CrossFox, SpaceFox, Spacecross.<br \/>\nTODOS COM C\u00c2MBIOS AUTOMATIZADOS I-MOTION.<\/p>\n","protected":false},"excerpt":{"rendered":"<p>Descri\u00e7\u00e3o Kit Reparo Para C\u00e2mbios Automatizados VW I-Motion, realmente o mais completo do mercado, Com Todas Veda\u00e7\u00f5es Oring&#8217;s Necess\u00e1rias Para o Sistema, Incluso Gaxetas &#8220;retentores&#8221; dos<span class=\"excerpt-hellip\"> [\u2026]<\/span><\/p>\n","protected":false},"featured_media":980,"comment_status":"open","ping_status":"closed","template":"","meta":{"_joinchat":[]},"product_brand":[],"product_cat":[146],"product_tag":[],"class_list":{"0":"post-979","1":"product","2":"type-product","3":"status-publish","4":"has-post-thumbnail","6":"product_cat-kits-reparo","8":"first","9":"instock","10":"sale","11":"taxable","12":"shipping-taxable","13":"purchasable","14":"product-type-simple"},"_links":{"self":[{"href":"https:\/\/lojaodocambioautomatico.com.br\/index.php?rest_route=\/wp\/v2\/product\/979","targetHints":{"allow":["GET"]}}],"collection":[{"href":"https:\/\/lojaodocambioautomatico.com.br\/index.php?rest_route=\/wp\/v2\/product"}],"about":[{"href":"https:\/\/lojaodocambioautomatico.com.br\/index.php?rest_route=\/wp\/v2\/types\/product"}],"replies":[{"embeddable":true,"href":"https:\/\/lojaodocambioautomatico.com.br\/index.php?rest_route=%2Fwp%2Fv2%2Fcomments&post=979"}],"version-history":[{"count":3,"href":"https:\/\/lojaodocambioautomatico.com.br\/index.php?rest_route=\/wp\/v2\/product\/979\/revisions"}],"predecessor-version":[{"id":989,"href":"https:\/\/lojaodocambioautomatico.com.br\/index.php?rest_route=\/wp\/v2\/product\/979\/revisions\/989"}],"wp:featuredmedia":[{"embeddable":true,"href":"https:\/\/lojaodocambioautomatico.com.br\/index.php?rest_route=\/wp\/v2\/media\/980"}],"wp:attachment":[{"href":"https:\/\/lojaodocambioautomatico.com.br\/index.php?rest_route=%2Fwp%2Fv2%2Fmedia&parent=979"}],"wp:term":[{"taxonomy":"product_brand","embeddable":true,"href":"https:\/\/lojaodocambioautomatico.com.br\/index.php?rest_route=%2Fwp%2Fv2%2Fproduct_brand&post=979"},{"taxonomy":"product_cat","embeddable":true,"href":"https:\/\/lojaodocambioautomatico.com.br\/index.php?rest_route=%2Fwp%2Fv2%2Fproduct_cat&post=979"},{"taxonomy":"product_tag","embeddable":true,"href":"https:\/\/lojaodocambioautomatico.com.br\/index.php?rest_route=%2Fwp%2Fv2%2Fproduct_tag&post=979"}],"curies":[{"name":"wp","href":"https:\/\/api.w.org\/{rel}","templated":true}]}}